{"id":596,"date":"2022-07-27T09:06:29","date_gmt":"2022-07-27T09:06:29","guid":{"rendered":"https:\/\/tegent.com.vn\/home\/"},"modified":"2022-08-17T09:45:46","modified_gmt":"2022-08-17T09:45:46","slug":"home","status":"publish","type":"page","link":"https:\/\/tegent.com.vn\/en\/","title":{"rendered":"Home"},"content":{"rendered":"","protected":false},"excerpt":{"rendered":"","protected":false},"author":1,"featured_media":0,"parent":0,"menu_order":0,"comment_status":"closed","ping_status":"closed","template":"page-template\/home-template.php","meta":{"inline_featured_image":false,"footnotes":""},"class_list":["post-596","page","type-page","status-publish","hentry"],"acf":[],"yoast_head":"<!-- This site is optimized with the Yoast SEO Premium plugin v19.5 (Yoast SEO v22.6) - https:\/\/yoast.com\/wordpress\/plugins\/seo\/ -->\n<title>Home - Tegent<\/title>\n<meta name=\"robots\" content=\"index, follow, max-snippet:-1, max-image-preview:large, max-video-preview:-1\" \/>\n<link rel=\"canonical\" href=\"https:\/\/tegent.com.vn\/en\/\" \/>\n<meta property=\"og:locale\" content=\"en_US\" \/>\n<meta property=\"og:type\" content=\"article\" \/>\n<meta property=\"og:title\" content=\"Tegent\" \/>\n<meta property=\"og:description\" content=\"Since 1992, Tegent has been a respectful leader in equipment distribution. We are passionate believers that technology brings values of a quality life to our customers, to our markets and to our society and to the world. Tegent Scientific (Vietnam) Co., Ltd specializes in distributing high quality scientific research and analysis equipment for many customers such as University, Center &amp; Research Institute, Goverment, Pharmaceutical companies, Food &amp; Beverage, Petroleum, Electronics \u2026 Our distributed equipments are high quality products from the world leading manufacturers.\" \/>\n<meta property=\"og:url\" content=\"https:\/\/tegent.com.vn\/en\/\" \/>\n<meta property=\"og:site_name\" content=\"Tegent\" \/>\n<meta property=\"article:modified_time\" content=\"2022-08-17T09:45:46+00:00\" \/>\n<meta property=\"og:image\" content=\"https:\/\/tegent.com.vn\/wp-content\/uploads\/2022\/08\/aboutimg-min.png\" \/>\n\t<meta property=\"og:image:width\" content=\"1141\" \/>\n\t<meta property=\"og:image:height\" content=\"563\" \/>\n\t<meta property=\"og:image:type\" content=\"image\/png\" \/>\n<meta name=\"twitter:card\" content=\"summary_large_image\" \/>\n<meta name=\"twitter:title\" content=\"Tegent\" \/>\n<meta name=\"twitter:description\" content=\"Since 1992, Tegent has been a respectful leader in equipment distribution. We are passionate believers that technology brings values of a quality life to our customers, to our markets and to our society and to the world. Tegent Scientific (Vietnam) Co., Ltd specializes in distributing high quality scientific research and analysis equipment for many customers such as University, Center &amp; Research Institute, Goverment, Pharmaceutical companies, Food &amp; Beverage, Petroleum, Electronics \u2026 Our distributed equipments are high quality products from the world leading manufacturers.\" \/>\n<meta name=\"twitter:image\" content=\"https:\/\/tegent.com.vn\/wp-content\/uploads\/2022\/08\/aboutimg-min.png\" \/>\n<script type=\"application\/ld+json\" class=\"yoast-schema-graph\">{\"@context\":\"https:\/\/schema.org\",\"@graph\":[{\"@type\":\"WebPage\",\"@id\":\"https:\/\/tegent.com.vn\/en\/\",\"url\":\"https:\/\/tegent.com.vn\/en\/\",\"name\":\"Home - Tegent\",\"isPartOf\":{\"@id\":\"https:\/\/tegent.com.vn\/#website\"},\"datePublished\":\"2022-07-27T09:06:29+00:00\",\"dateModified\":\"2022-08-17T09:45:46+00:00\",\"breadcrumb\":{\"@id\":\"https:\/\/tegent.com.vn\/en\/#breadcrumb\"},\"inLanguage\":\"en\",\"potentialAction\":[{\"@type\":\"ReadAction\",\"target\":[\"https:\/\/tegent.com.vn\/en\/\"]}]},{\"@type\":\"BreadcrumbList\",\"@id\":\"https:\/\/tegent.com.vn\/en\/#breadcrumb\",\"itemListElement\":[{\"@type\":\"ListItem\",\"position\":1,\"name\":\"Trang ch\u1ee7\",\"item\":\"https:\/\/tegent.com.vn\/en\/\"},{\"@type\":\"ListItem\",\"position\":2,\"name\":\"Home\"}]},{\"@type\":\"WebSite\",\"@id\":\"https:\/\/tegent.com.vn\/#website\",\"url\":\"https:\/\/tegent.com.vn\/\",\"name\":\"Tegent\",\"description\":\"Tegent Group l\u00e0 nh\u00e0 ph\u00e2n ph\u1ed1i h\u00e0ng \u0111\u1ea7u trong l\u0129nh thi\u1ebft b\u1ecb ph\u00f2ng th\u00ed nghi\u1ec7m\",\"publisher\":{\"@id\":\"https:\/\/tegent.com.vn\/#organization\"},\"potentialAction\":[{\"@type\":\"SearchAction\",\"target\":{\"@type\":\"EntryPoint\",\"urlTemplate\":\"https:\/\/tegent.com.vn\/?s={search_term_string}\"},\"query-input\":\"required name=search_term_string\"}],\"inLanguage\":\"en\"},{\"@type\":\"Organization\",\"@id\":\"https:\/\/tegent.com.vn\/#organization\",\"name\":\"Tegent\",\"url\":\"https:\/\/tegent.com.vn\/\",\"logo\":{\"@type\":\"ImageObject\",\"inLanguage\":\"en\",\"@id\":\"https:\/\/tegent.com.vn\/#\/schema\/logo\/image\/\",\"url\":\"https:\/\/tegent.com.vn\/wp-content\/uploads\/2022\/08\/logo.png\",\"contentUrl\":\"https:\/\/tegent.com.vn\/wp-content\/uploads\/2022\/08\/logo.png\",\"width\":157,\"height\":60,\"caption\":\"Tegent\"},\"image\":{\"@id\":\"https:\/\/tegent.com.vn\/#\/schema\/logo\/image\/\"}}]}<\/script>\n<!-- \/ Yoast SEO Premium plugin. -->","yoast_head_json":{"title":"Home - Tegent","robots":{"index":"index","follow":"follow","max-snippet":"max-snippet:-1","max-image-preview":"max-image-preview:large","max-video-preview":"max-video-preview:-1"},"canonical":"https:\/\/tegent.com.vn\/en\/","og_locale":"en_US","og_type":"article","og_title":"Tegent","og_description":"Since 1992, Tegent has been a respectful leader in equipment distribution. We are passionate believers that technology brings values of a quality life to our customers, to our markets and to our society and to the world. Tegent Scientific (Vietnam) Co., Ltd specializes in distributing high quality scientific research and analysis equipment for many customers such as University, Center & Research Institute, Goverment, Pharmaceutical companies, Food & Beverage, Petroleum, Electronics \u2026 Our distributed equipments are high quality products from the world leading manufacturers.","og_url":"https:\/\/tegent.com.vn\/en\/","og_site_name":"Tegent","article_modified_time":"2022-08-17T09:45:46+00:00","og_image":[{"width":1141,"height":563,"url":"https:\/\/tegent.com.vn\/wp-content\/uploads\/2022\/08\/aboutimg-min.png","type":"image\/png"}],"twitter_card":"summary_large_image","twitter_title":"Tegent","twitter_description":"Since 1992, Tegent has been a respectful leader in equipment distribution. We are passionate believers that technology brings values of a quality life to our customers, to our markets and to our society and to the world. Tegent Scientific (Vietnam) Co., Ltd specializes in distributing high quality scientific research and analysis equipment for many customers such as University, Center & Research Institute, Goverment, Pharmaceutical companies, Food & Beverage, Petroleum, Electronics \u2026 Our distributed equipments are high quality products from the world leading manufacturers.","twitter_image":"https:\/\/tegent.com.vn\/wp-content\/uploads\/2022\/08\/aboutimg-min.png","schema":{"@context":"https:\/\/schema.org","@graph":[{"@type":"WebPage","@id":"https:\/\/tegent.com.vn\/en\/","url":"https:\/\/tegent.com.vn\/en\/","name":"Home - Tegent","isPartOf":{"@id":"https:\/\/tegent.com.vn\/#website"},"datePublished":"2022-07-27T09:06:29+00:00","dateModified":"2022-08-17T09:45:46+00:00","breadcrumb":{"@id":"https:\/\/tegent.com.vn\/en\/#breadcrumb"},"inLanguage":"en","potentialAction":[{"@type":"ReadAction","target":["https:\/\/tegent.com.vn\/en\/"]}]},{"@type":"BreadcrumbList","@id":"https:\/\/tegent.com.vn\/en\/#breadcrumb","itemListElement":[{"@type":"ListItem","position":1,"name":"Trang ch\u1ee7","item":"https:\/\/tegent.com.vn\/en\/"},{"@type":"ListItem","position":2,"name":"Home"}]},{"@type":"WebSite","@id":"https:\/\/tegent.com.vn\/#website","url":"https:\/\/tegent.com.vn\/","name":"Tegent","description":"Tegent Group l\u00e0 nh\u00e0 ph\u00e2n ph\u1ed1i h\u00e0ng \u0111\u1ea7u trong l\u0129nh thi\u1ebft b\u1ecb ph\u00f2ng th\u00ed nghi\u1ec7m","publisher":{"@id":"https:\/\/tegent.com.vn\/#organization"},"potentialAction":[{"@type":"SearchAction","target":{"@type":"EntryPoint","urlTemplate":"https:\/\/tegent.com.vn\/?s={search_term_string}"},"query-input":"required name=search_term_string"}],"inLanguage":"en"},{"@type":"Organization","@id":"https:\/\/tegent.com.vn\/#organization","name":"Tegent","url":"https:\/\/tegent.com.vn\/","logo":{"@type":"ImageObject","inLanguage":"en","@id":"https:\/\/tegent.com.vn\/#\/schema\/logo\/image\/","url":"https:\/\/tegent.com.vn\/wp-content\/uploads\/2022\/08\/logo.png","contentUrl":"https:\/\/tegent.com.vn\/wp-content\/uploads\/2022\/08\/logo.png","width":157,"height":60,"caption":"Tegent"},"image":{"@id":"https:\/\/tegent.com.vn\/#\/schema\/logo\/image\/"}}]}},"_links":{"self":[{"href":"https:\/\/tegent.com.vn\/en\/wp-json\/wp\/v2\/pages\/596","targetHints":{"allow":["GET"]}}],"collection":[{"href":"https:\/\/tegent.com.vn\/en\/wp-json\/wp\/v2\/pages"}],"about":[{"href":"https:\/\/tegent.com.vn\/en\/wp-json\/wp\/v2\/types\/page"}],"author":[{"embeddable":true,"href":"https:\/\/tegent.com.vn\/en\/wp-json\/wp\/v2\/users\/1"}],"replies":[{"embeddable":true,"href":"https:\/\/tegent.com.vn\/en\/wp-json\/wp\/v2\/comments?post=596"}],"version-history":[{"count":2,"href":"https:\/\/tegent.com.vn\/en\/wp-json\/wp\/v2\/pages\/596\/revisions"}],"predecessor-version":[{"id":884,"href":"https:\/\/tegent.com.vn\/en\/wp-json\/wp\/v2\/pages\/596\/revisions\/884"}],"wp:attachment":[{"href":"https:\/\/tegent.com.vn\/en\/wp-json\/wp\/v2\/media?parent=596"}],"curies":[{"name":"wp","href":"https:\/\/api.w.org\/{rel}","templated":true}]}}