{"id":592,"date":"2022-08-02T09:50:43","date_gmt":"2022-08-02T09:50:43","guid":{"rendered":"https:\/\/tegent.com.vn\/analytical-instruments\/"},"modified":"2022-08-02T09:50:43","modified_gmt":"2022-08-02T09:50:43","slug":"analytical-instruments","status":"publish","type":"page","link":"https:\/\/tegent.com.vn\/en\/analytical-instruments\/","title":{"rendered":"Analytical Instruments"},"content":{"rendered":"","protected":false},"excerpt":{"rendered":"","protected":false},"author":1,"featured_media":7250,"parent":0,"menu_order":0,"comment_status":"closed","ping_status":"closed","template":"page-template\/instrument-template.php","meta":{"inline_featured_image":false,"footnotes":""},"class_list":["post-592","page","type-page","status-publish","has-post-thumbnail","hentry"],"acf":[],"yoast_head":"<!-- This site is optimized with the Yoast SEO Premium plugin v19.5 (Yoast SEO v22.6) - https:\/\/yoast.com\/wordpress\/plugins\/seo\/ -->\n<title>Analytical Instruments - Tegent<\/title>\n<meta name=\"robots\" content=\"index, follow, max-snippet:-1, max-image-preview:large, max-video-preview:-1\" \/>\n<link rel=\"canonical\" href=\"https:\/\/tegent.com.vn\/en\/analytical-instruments\/\" \/>\n<meta property=\"og:locale\" content=\"en_US\" \/>\n<meta property=\"og:type\" content=\"article\" \/>\n<meta property=\"og:title\" content=\"Analytical Instruments\" \/>\n<meta property=\"og:url\" content=\"https:\/\/tegent.com.vn\/en\/analytical-instruments\/\" \/>\n<meta property=\"og:site_name\" content=\"Tegent\" \/>\n<meta property=\"og:image\" content=\"https:\/\/tegent.com.vn\/wp-content\/uploads\/2023\/08\/heidolph-system.png\" \/>\n\t<meta property=\"og:image:width\" content=\"653\" \/>\n\t<meta property=\"og:image:height\" content=\"565\" \/>\n\t<meta property=\"og:image:type\" content=\"image\/png\" \/>\n<meta name=\"twitter:card\" content=\"summary_large_image\" \/>\n<script type=\"application\/ld+json\" class=\"yoast-schema-graph\">{\"@context\":\"https:\/\/schema.org\",\"@graph\":[{\"@type\":\"WebPage\",\"@id\":\"https:\/\/tegent.com.vn\/en\/analytical-instruments\/\",\"url\":\"https:\/\/tegent.com.vn\/en\/analytical-instruments\/\",\"name\":\"Analytical Instruments - Tegent\",\"isPartOf\":{\"@id\":\"https:\/\/tegent.com.vn\/#website\"},\"primaryImageOfPage\":{\"@id\":\"https:\/\/tegent.com.vn\/en\/analytical-instruments\/#primaryimage\"},\"image\":{\"@id\":\"https:\/\/tegent.com.vn\/en\/analytical-instruments\/#primaryimage\"},\"thumbnailUrl\":\"https:\/\/tegent.com.vn\/wp-content\/uploads\/2023\/08\/heidolph-system.png\",\"datePublished\":\"2022-08-02T09:50:43+00:00\",\"dateModified\":\"2022-08-02T09:50:43+00:00\",\"breadcrumb\":{\"@id\":\"https:\/\/tegent.com.vn\/en\/analytical-instruments\/#breadcrumb\"},\"inLanguage\":\"en\",\"potentialAction\":[{\"@type\":\"ReadAction\",\"target\":[\"https:\/\/tegent.com.vn\/en\/analytical-instruments\/\"]}]},{\"@type\":\"ImageObject\",\"inLanguage\":\"en\",\"@id\":\"https:\/\/tegent.com.vn\/en\/analytical-instruments\/#primaryimage\",\"url\":\"https:\/\/tegent.com.vn\/wp-content\/uploads\/2023\/08\/heidolph-system.png\",\"contentUrl\":\"https:\/\/tegent.com.vn\/wp-content\/uploads\/2023\/08\/heidolph-system.png\",\"width\":653,\"height\":565,\"caption\":\"M\u00e1y c\u00f4 quay ch\u00e2n kh\u00f4ng heidolph\"},{\"@type\":\"BreadcrumbList\",\"@id\":\"https:\/\/tegent.com.vn\/en\/analytical-instruments\/#breadcrumb\",\"itemListElement\":[{\"@type\":\"ListItem\",\"position\":1,\"name\":\"Trang ch\u1ee7\",\"item\":\"https:\/\/tegent.com.vn\/en\/\"},{\"@type\":\"ListItem\",\"position\":2,\"name\":\"Analytical Instruments\"}]},{\"@type\":\"WebSite\",\"@id\":\"https:\/\/tegent.com.vn\/#website\",\"url\":\"https:\/\/tegent.com.vn\/\",\"name\":\"Tegent\",\"description\":\"Tegent Group l\u00e0 nh\u00e0 ph\u00e2n ph\u1ed1i h\u00e0ng \u0111\u1ea7u trong l\u0129nh thi\u1ebft b\u1ecb ph\u00f2ng th\u00ed nghi\u1ec7m\",\"publisher\":{\"@id\":\"https:\/\/tegent.com.vn\/#organization\"},\"potentialAction\":[{\"@type\":\"SearchAction\",\"target\":{\"@type\":\"EntryPoint\",\"urlTemplate\":\"https:\/\/tegent.com.vn\/?s={search_term_string}\"},\"query-input\":\"required name=search_term_string\"}],\"inLanguage\":\"en\"},{\"@type\":\"Organization\",\"@id\":\"https:\/\/tegent.com.vn\/#organization\",\"name\":\"Tegent\",\"url\":\"https:\/\/tegent.com.vn\/\",\"logo\":{\"@type\":\"ImageObject\",\"inLanguage\":\"en\",\"@id\":\"https:\/\/tegent.com.vn\/#\/schema\/logo\/image\/\",\"url\":\"https:\/\/tegent.com.vn\/wp-content\/uploads\/2022\/08\/logo.png\",\"contentUrl\":\"https:\/\/tegent.com.vn\/wp-content\/uploads\/2022\/08\/logo.png\",\"width\":157,\"height\":60,\"caption\":\"Tegent\"},\"image\":{\"@id\":\"https:\/\/tegent.com.vn\/#\/schema\/logo\/image\/\"}}]}<\/script>\n<!-- \/ Yoast SEO Premium plugin. -->","yoast_head_json":{"title":"Analytical Instruments - Tegent","robots":{"index":"index","follow":"follow","max-snippet":"max-snippet:-1","max-image-preview":"max-image-preview:large","max-video-preview":"max-video-preview:-1"},"canonical":"https:\/\/tegent.com.vn\/en\/analytical-instruments\/","og_locale":"en_US","og_type":"article","og_title":"Analytical Instruments","og_url":"https:\/\/tegent.com.vn\/en\/analytical-instruments\/","og_site_name":"Tegent","og_image":[{"width":653,"height":565,"url":"https:\/\/tegent.com.vn\/wp-content\/uploads\/2023\/08\/heidolph-system.png","type":"image\/png"}],"twitter_card":"summary_large_image","schema":{"@context":"https:\/\/schema.org","@graph":[{"@type":"WebPage","@id":"https:\/\/tegent.com.vn\/en\/analytical-instruments\/","url":"https:\/\/tegent.com.vn\/en\/analytical-instruments\/","name":"Analytical Instruments - Tegent","isPartOf":{"@id":"https:\/\/tegent.com.vn\/#website"},"primaryImageOfPage":{"@id":"https:\/\/tegent.com.vn\/en\/analytical-instruments\/#primaryimage"},"image":{"@id":"https:\/\/tegent.com.vn\/en\/analytical-instruments\/#primaryimage"},"thumbnailUrl":"https:\/\/tegent.com.vn\/wp-content\/uploads\/2023\/08\/heidolph-system.png","datePublished":"2022-08-02T09:50:43+00:00","dateModified":"2022-08-02T09:50:43+00:00","breadcrumb":{"@id":"https:\/\/tegent.com.vn\/en\/analytical-instruments\/#breadcrumb"},"inLanguage":"en","potentialAction":[{"@type":"ReadAction","target":["https:\/\/tegent.com.vn\/en\/analytical-instruments\/"]}]},{"@type":"ImageObject","inLanguage":"en","@id":"https:\/\/tegent.com.vn\/en\/analytical-instruments\/#primaryimage","url":"https:\/\/tegent.com.vn\/wp-content\/uploads\/2023\/08\/heidolph-system.png","contentUrl":"https:\/\/tegent.com.vn\/wp-content\/uploads\/2023\/08\/heidolph-system.png","width":653,"height":565,"caption":"M\u00e1y c\u00f4 quay ch\u00e2n kh\u00f4ng heidolph"},{"@type":"BreadcrumbList","@id":"https:\/\/tegent.com.vn\/en\/analytical-instruments\/#breadcrumb","itemListElement":[{"@type":"ListItem","position":1,"name":"Trang ch\u1ee7","item":"https:\/\/tegent.com.vn\/en\/"},{"@type":"ListItem","position":2,"name":"Analytical Instruments"}]},{"@type":"WebSite","@id":"https:\/\/tegent.com.vn\/#website","url":"https:\/\/tegent.com.vn\/","name":"Tegent","description":"Tegent Group l\u00e0 nh\u00e0 ph\u00e2n ph\u1ed1i h\u00e0ng \u0111\u1ea7u trong l\u0129nh thi\u1ebft b\u1ecb ph\u00f2ng th\u00ed nghi\u1ec7m","publisher":{"@id":"https:\/\/tegent.com.vn\/#organization"},"potentialAction":[{"@type":"SearchAction","target":{"@type":"EntryPoint","urlTemplate":"https:\/\/tegent.com.vn\/?s={search_term_string}"},"query-input":"required name=search_term_string"}],"inLanguage":"en"},{"@type":"Organization","@id":"https:\/\/tegent.com.vn\/#organization","name":"Tegent","url":"https:\/\/tegent.com.vn\/","logo":{"@type":"ImageObject","inLanguage":"en","@id":"https:\/\/tegent.com.vn\/#\/schema\/logo\/image\/","url":"https:\/\/tegent.com.vn\/wp-content\/uploads\/2022\/08\/logo.png","contentUrl":"https:\/\/tegent.com.vn\/wp-content\/uploads\/2022\/08\/logo.png","width":157,"height":60,"caption":"Tegent"},"image":{"@id":"https:\/\/tegent.com.vn\/#\/schema\/logo\/image\/"}}]}},"_links":{"self":[{"href":"https:\/\/tegent.com.vn\/en\/wp-json\/wp\/v2\/pages\/592","targetHints":{"allow":["GET"]}}],"collection":[{"href":"https:\/\/tegent.com.vn\/en\/wp-json\/wp\/v2\/pages"}],"about":[{"href":"https:\/\/tegent.com.vn\/en\/wp-json\/wp\/v2\/types\/page"}],"author":[{"embeddable":true,"href":"https:\/\/tegent.com.vn\/en\/wp-json\/wp\/v2\/users\/1"}],"replies":[{"embeddable":true,"href":"https:\/\/tegent.com.vn\/en\/wp-json\/wp\/v2\/comments?post=592"}],"version-history":[{"count":0,"href":"https:\/\/tegent.com.vn\/en\/wp-json\/wp\/v2\/pages\/592\/revisions"}],"wp:featuredmedia":[{"embeddable":true,"href":"https:\/\/tegent.com.vn\/en\/wp-json\/wp\/v2\/media\/7250"}],"wp:attachment":[{"href":"https:\/\/tegent.com.vn\/en\/wp-json\/wp\/v2\/media?parent=592"}],"curies":[{"name":"wp","href":"https:\/\/api.w.org\/{rel}","templated":true}]}}