{"id":589,"date":"2022-08-03T08:25:25","date_gmt":"2022-08-03T08:25:25","guid":{"rendered":"https:\/\/tegent.com.vn\/personal-information\/"},"modified":"2022-08-17T02:30:25","modified_gmt":"2022-08-17T02:30:25","slug":"personal-information","status":"publish","type":"page","link":"https:\/\/tegent.com.vn\/en\/personal-information\/","title":{"rendered":"Personal Information"},"content":{"rendered":"&#13;\n<p>C\u1eadp nh\u1eadt h\u00ecnh \u1ea3nh v\u00e0 chi ti\u1ebft c\u1ee7a b\u1ea1n c\u00e1 nh\u00e2n<\/p>&#13;\n","protected":false},"excerpt":{"rendered":"<p>&#13; C\u1eadp nh\u1eadt h\u00ecnh \u1ea3nh v\u00e0 chi ti\u1ebft c\u1ee7a b\u1ea1n c\u00e1 nh\u00e2n &#13;<\/p>\n","protected":false},"author":1,"featured_media":0,"parent":0,"menu_order":0,"comment_status":"closed","ping_status":"closed","template":"page-template\/account-template.php","meta":{"inline_featured_image":false,"footnotes":""},"class_list":["post-589","page","type-page","status-publish","hentry"],"acf":[],"yoast_head":"<!-- This site is optimized with the Yoast SEO Premium plugin v19.5 (Yoast SEO v22.6) - https:\/\/yoast.com\/wordpress\/plugins\/seo\/ -->\n<title>Personal Information - Tegent<\/title>\n<meta name=\"robots\" content=\"index, follow, max-snippet:-1, max-image-preview:large, max-video-preview:-1\" \/>\n<link rel=\"canonical\" href=\"https:\/\/tegent.com.vn\/en\/personal-information\/\" \/>\n<meta property=\"og:locale\" content=\"en_US\" \/>\n<meta property=\"og:type\" content=\"article\" \/>\n<meta property=\"og:title\" content=\"Personal Information\" \/>\n<meta property=\"og:description\" content=\"&#013; C\u1eadp nh\u1eadt h\u00ecnh \u1ea3nh v\u00e0 chi ti\u1ebft c\u1ee7a b\u1ea1n c\u00e1 nh\u00e2n &#013;\" \/>\n<meta property=\"og:url\" content=\"https:\/\/tegent.com.vn\/en\/personal-information\/\" \/>\n<meta property=\"og:site_name\" content=\"Tegent\" \/>\n<meta property=\"article:modified_time\" content=\"2022-08-17T02:30:25+00:00\" \/>\n<meta name=\"twitter:card\" content=\"summary_large_image\" \/>\n<script type=\"application\/ld+json\" class=\"yoast-schema-graph\">{\"@context\":\"https:\/\/schema.org\",\"@graph\":[{\"@type\":\"WebPage\",\"@id\":\"https:\/\/tegent.com.vn\/en\/personal-information\/\",\"url\":\"https:\/\/tegent.com.vn\/en\/personal-information\/\",\"name\":\"Personal Information - Tegent\",\"isPartOf\":{\"@id\":\"https:\/\/tegent.com.vn\/#website\"},\"datePublished\":\"2022-08-03T08:25:25+00:00\",\"dateModified\":\"2022-08-17T02:30:25+00:00\",\"breadcrumb\":{\"@id\":\"https:\/\/tegent.com.vn\/en\/personal-information\/#breadcrumb\"},\"inLanguage\":\"en\",\"potentialAction\":[{\"@type\":\"ReadAction\",\"target\":[\"https:\/\/tegent.com.vn\/en\/personal-information\/\"]}]},{\"@type\":\"BreadcrumbList\",\"@id\":\"https:\/\/tegent.com.vn\/en\/personal-information\/#breadcrumb\",\"itemListElement\":[{\"@type\":\"ListItem\",\"position\":1,\"name\":\"Trang ch\u1ee7\",\"item\":\"https:\/\/tegent.com.vn\/en\/\"},{\"@type\":\"ListItem\",\"position\":2,\"name\":\"Personal Information\"}]},{\"@type\":\"WebSite\",\"@id\":\"https:\/\/tegent.com.vn\/#website\",\"url\":\"https:\/\/tegent.com.vn\/\",\"name\":\"Tegent\",\"description\":\"Tegent Group l\u00e0 nh\u00e0 ph\u00e2n ph\u1ed1i h\u00e0ng \u0111\u1ea7u trong l\u0129nh thi\u1ebft b\u1ecb ph\u00f2ng th\u00ed nghi\u1ec7m\",\"publisher\":{\"@id\":\"https:\/\/tegent.com.vn\/#organization\"},\"potentialAction\":[{\"@type\":\"SearchAction\",\"target\":{\"@type\":\"EntryPoint\",\"urlTemplate\":\"https:\/\/tegent.com.vn\/?s={search_term_string}\"},\"query-input\":\"required name=search_term_string\"}],\"inLanguage\":\"en\"},{\"@type\":\"Organization\",\"@id\":\"https:\/\/tegent.com.vn\/#organization\",\"name\":\"Tegent\",\"url\":\"https:\/\/tegent.com.vn\/\",\"logo\":{\"@type\":\"ImageObject\",\"inLanguage\":\"en\",\"@id\":\"https:\/\/tegent.com.vn\/#\/schema\/logo\/image\/\",\"url\":\"https:\/\/tegent.com.vn\/wp-content\/uploads\/2022\/08\/logo.png\",\"contentUrl\":\"https:\/\/tegent.com.vn\/wp-content\/uploads\/2022\/08\/logo.png\",\"width\":157,\"height\":60,\"caption\":\"Tegent\"},\"image\":{\"@id\":\"https:\/\/tegent.com.vn\/#\/schema\/logo\/image\/\"}}]}<\/script>\n<!-- \/ Yoast SEO Premium plugin. -->","yoast_head_json":{"title":"Personal Information - Tegent","robots":{"index":"index","follow":"follow","max-snippet":"max-snippet:-1","max-image-preview":"max-image-preview:large","max-video-preview":"max-video-preview:-1"},"canonical":"https:\/\/tegent.com.vn\/en\/personal-information\/","og_locale":"en_US","og_type":"article","og_title":"Personal Information","og_description":"&#13; C\u1eadp nh\u1eadt h\u00ecnh \u1ea3nh v\u00e0 chi ti\u1ebft c\u1ee7a b\u1ea1n c\u00e1 nh\u00e2n &#13;","og_url":"https:\/\/tegent.com.vn\/en\/personal-information\/","og_site_name":"Tegent","article_modified_time":"2022-08-17T02:30:25+00:00","twitter_card":"summary_large_image","schema":{"@context":"https:\/\/schema.org","@graph":[{"@type":"WebPage","@id":"https:\/\/tegent.com.vn\/en\/personal-information\/","url":"https:\/\/tegent.com.vn\/en\/personal-information\/","name":"Personal Information - Tegent","isPartOf":{"@id":"https:\/\/tegent.com.vn\/#website"},"datePublished":"2022-08-03T08:25:25+00:00","dateModified":"2022-08-17T02:30:25+00:00","breadcrumb":{"@id":"https:\/\/tegent.com.vn\/en\/personal-information\/#breadcrumb"},"inLanguage":"en","potentialAction":[{"@type":"ReadAction","target":["https:\/\/tegent.com.vn\/en\/personal-information\/"]}]},{"@type":"BreadcrumbList","@id":"https:\/\/tegent.com.vn\/en\/personal-information\/#breadcrumb","itemListElement":[{"@type":"ListItem","position":1,"name":"Trang ch\u1ee7","item":"https:\/\/tegent.com.vn\/en\/"},{"@type":"ListItem","position":2,"name":"Personal Information"}]},{"@type":"WebSite","@id":"https:\/\/tegent.com.vn\/#website","url":"https:\/\/tegent.com.vn\/","name":"Tegent","description":"Tegent Group l\u00e0 nh\u00e0 ph\u00e2n ph\u1ed1i h\u00e0ng \u0111\u1ea7u trong l\u0129nh thi\u1ebft b\u1ecb ph\u00f2ng th\u00ed nghi\u1ec7m","publisher":{"@id":"https:\/\/tegent.com.vn\/#organization"},"potentialAction":[{"@type":"SearchAction","target":{"@type":"EntryPoint","urlTemplate":"https:\/\/tegent.com.vn\/?s={search_term_string}"},"query-input":"required name=search_term_string"}],"inLanguage":"en"},{"@type":"Organization","@id":"https:\/\/tegent.com.vn\/#organization","name":"Tegent","url":"https:\/\/tegent.com.vn\/","logo":{"@type":"ImageObject","inLanguage":"en","@id":"https:\/\/tegent.com.vn\/#\/schema\/logo\/image\/","url":"https:\/\/tegent.com.vn\/wp-content\/uploads\/2022\/08\/logo.png","contentUrl":"https:\/\/tegent.com.vn\/wp-content\/uploads\/2022\/08\/logo.png","width":157,"height":60,"caption":"Tegent"},"image":{"@id":"https:\/\/tegent.com.vn\/#\/schema\/logo\/image\/"}}]}},"_links":{"self":[{"href":"https:\/\/tegent.com.vn\/en\/wp-json\/wp\/v2\/pages\/589","targetHints":{"allow":["GET"]}}],"collection":[{"href":"https:\/\/tegent.com.vn\/en\/wp-json\/wp\/v2\/pages"}],"about":[{"href":"https:\/\/tegent.com.vn\/en\/wp-json\/wp\/v2\/types\/page"}],"author":[{"embeddable":true,"href":"https:\/\/tegent.com.vn\/en\/wp-json\/wp\/v2\/users\/1"}],"replies":[{"embeddable":true,"href":"https:\/\/tegent.com.vn\/en\/wp-json\/wp\/v2\/comments?post=589"}],"version-history":[{"count":2,"href":"https:\/\/tegent.com.vn\/en\/wp-json\/wp\/v2\/pages\/589\/revisions"}],"predecessor-version":[{"id":816,"href":"https:\/\/tegent.com.vn\/en\/wp-json\/wp\/v2\/pages\/589\/revisions\/816"}],"wp:attachment":[{"href":"https:\/\/tegent.com.vn\/en\/wp-json\/wp\/v2\/media?parent=589"}],"curies":[{"name":"wp","href":"https:\/\/api.w.org\/{rel}","templated":true}]}}